{"id":3,"date":"2019-02-22T21:12:03","date_gmt":"2019-02-22T20:12:03","guid":{"rendered":"http:\/\/www.lernfonds.de\/igs\/?page_id=3"},"modified":"2019-02-24T08:40:43","modified_gmt":"2019-02-24T07:40:43","slug":"datenschutzerklaerung","status":"publish","type":"page","link":"http:\/\/www.lernfonds.de\/igs\/?page_id=3","title":{"rendered":"Impressum und Datenschutz"},"content":{"rendered":"\n<p><strong>Diakonisches Werk Leine-Solling<\/strong><\/p>\n\n\n\n<p>Leitung Dienststelle Einbeck: Marco Spindler<br><\/p>\n\n\n\n<p>Lessingstr. 13b<br>37574 Einbeck<br>Telefon: 05561\/1004<br>Fax: 05561\/6185<br>E-Mail:\u00a0<a href=\"mailto:marco.spindler@leine-solling.de\">marco.spindler@leine-solling.de<\/a><\/p>\n\n\n\n<p><strong>Inhaltliche Verantwortung:<\/strong><br>Marco Spindler<br>Lessingstr. 13b <br>37574 Einbeck<\/p>\n\n\n\n<p><strong>Haftungshinweis<\/strong>:<br>Trotz sorgf\u00e4ltiger inhaltlicher Kontrolle \u00fcbernehmen wir keine Haftung f\u00fcr die Inhalte externer Links. F\u00fcr den Inhalt der verlinkten Seiten sind ausschlie\u00dflich deren Betreiber verantwortlich.<\/p>\n\n\n\n<p>Alle Daten auf dieser Homepage sind mit gr\u00f6\u00dfter Sorgfalt gepr\u00fcft. Eine Gew\u00e4hr f\u00fcr die Richtigkeit, Vollst\u00e4ndigkeit und Aktualit\u00e4t kann jedoch nicht \u00fcbernommen werden. Jegliche Haftung, insbesondere f\u00fcr eventuelle Sch\u00e4den oder Konsequenzen, die durch die Nutzung des angebotenen Wissensstoffes entstehen, ist ausgeschlossen.<\/p>\n\n\n\n<p><strong>Hinweise zum Datenschutz<br><\/strong>Die von Benutzern\/ Besuchern der Internet-Seite \u201cDein Vendo\u201d \u2013<br>z.B. im Rahmen einer Anfrage \u2013 hinterlassenen pers\u00f6nlichen Daten werden ausschlie\u00dflich<br>zur Bearbeitung im Projekt \u201cDein Vendo\u201d verwendet und gespeichert.<br>Das Team \u201cDein Vendo\u201d versichert, dass jegliche Angaben den geltenden<br>datenschutzrechtlichen Bestimmungen entsprechend behandelt werden. Ferner wird<br>daraufhin gewiesen, dass aus technischen Gr\u00fcnden eine Einsicht der \u00fcbermittelten Daten<br>beim Versand durch Dritte nicht ausgeschlossen werden kann. Die \u00dcbermittlung der Daten<br>erfolgt somit auf eigene Gefahr des Benutzers. Keinesfalls werden erhobene Daten verkauft<br>oder an Dritte weitergegeben. Auf Nachfrage erhalten Sie alle Informationen zu den \u00fcber<br>Sie erhobenen Daten.<\/p>\n\n\n\n<p><strong>Datenverarbeitung auf dieser Internetseite:<br><\/strong><\/p>\n\n\n\n<h3 class=\"wp-block-heading\"><strong>Alfahosting&nbsp;<\/strong>GmbH<\/h3>\n\n\n\n<p>Ankerstra\u00dfe 3b, 06108 Halle (Saale)Deutschland<\/p>\n\n\n\n<p>HRB: 214733Amtsgericht StendalUst.ID: DE232969203<\/p>\n\n\n\n<p>Die Alfahosting GmbH erhebt und speichert automatisch in ihren Server Log Files Informationen, die Ihr Browser \u00fcbermittelt.<br>Dies sind:<br>Browsertyp\/ -version<br>verwendetes Betriebssystem<br>Referrer URL (die zuvor besuchte Seite)<br>Hostname des zugreifenden Rechners (IP Adresse)<br>Uhrzeit der Serveranfrage.Diese Daten sind f\u00fcr die Internetagentur WAS nicht bestimmten Personen zuordenbar. Eine Zusammenf\u00fchrung dieser Daten mit anderen Datenquellen wird nicht vorgenommen, die Daten werden zudem nach einer statistischen Auswertung gel\u00f6scht. Die Logfiles sind f\u00fcr mich einsehbar. Auch ich f\u00fchre diese Daten nicht mit anderen Datenquellen zusammen, eine Speicherung dieser Daten \u00fcber das zum Betrachten notwendige hinaus (Arbeitsspeicher) findet durch mich nicht statt. <\/p>\n","protected":false},"excerpt":{"rendered":"<p>Diakonisches Werk Leine-Solling Leitung Dienststelle Einbeck: Marco Spindler Lessingstr. 13b37574 EinbeckTelefon: 05561\/1004Fax: 05561\/6185E-Mail:\u00a0marco.spindler@leine-solling.de Inhaltliche Verantwortung:Marco SpindlerLessingstr. 13b 37574 Einbeck Haftungshinweis:Trotz sorgf\u00e4ltiger inhaltlicher Kontrolle \u00fcbernehmen wir keine Haftung f\u00fcr die Inhalte externer Links. F\u00fcr den Inhalt der verlinkten Seiten sind ausschlie\u00dflich deren Betreiber verantwortlich. Alle Daten auf dieser Homepage sind mit gr\u00f6\u00dfter Sorgfalt gepr\u00fcft. Eine Gew\u00e4hr<\/p><\/div>\n<div class=\"blog-btn\"><a href=\"http:\/\/www.lernfonds.de\/igs\/?page_id=3\" class=\"home-blog-btn\">Weiterlesen<\/a><\/p>\n","protected":false},"author":1,"featured_media":0,"parent":0,"menu_order":0,"comment_status":"closed","ping_status":"closed","template":"","meta":{"footnotes":""},"class_list":["post-3","page","type-page","status-publish","hentry"],"_links":{"self":[{"href":"http:\/\/www.lernfonds.de\/igs\/index.php?rest_route=\/wp\/v2\/pages\/3","targetHints":{"allow":["GET"]}}],"collection":[{"href":"http:\/\/www.lernfonds.de\/igs\/index.php?rest_route=\/wp\/v2\/pages"}],"about":[{"href":"http:\/\/www.lernfonds.de\/igs\/index.php?rest_route=\/wp\/v2\/types\/page"}],"author":[{"embeddable":true,"href":"http:\/\/www.lernfonds.de\/igs\/index.php?rest_route=\/wp\/v2\/users\/1"}],"replies":[{"embeddable":true,"href":"http:\/\/www.lernfonds.de\/igs\/index.php?rest_route=%2Fwp%2Fv2%2Fcomments&post=3"}],"version-history":[{"count":1,"href":"http:\/\/www.lernfonds.de\/igs\/index.php?rest_route=\/wp\/v2\/pages\/3\/revisions"}],"predecessor-version":[{"id":114,"href":"http:\/\/www.lernfonds.de\/igs\/index.php?rest_route=\/wp\/v2\/pages\/3\/revisions\/114"}],"wp:attachment":[{"href":"http:\/\/www.lernfonds.de\/igs\/index.php?rest_route=%2Fwp%2Fv2%2Fmedia&parent=3"}],"curies":[{"name":"wp","href":"https:\/\/api.w.org\/{rel}","templated":true}]}}