{"id":119,"date":"2019-11-07T16:00:22","date_gmt":"2019-11-07T15:00:22","guid":{"rendered":"http:\/\/www.lernfonds.de\/igs\/?page_id=119"},"modified":"2019-11-07T16:02:25","modified_gmt":"2019-11-07T15:02:25","slug":"spenden","status":"publish","type":"page","link":"http:\/\/www.lernfonds.de\/igs\/?page_id=119","title":{"rendered":"Spenden"},"content":{"rendered":"\n<p>Wir freuen uns \u00fcber Ihre Unterst\u00fctzung und garantieren Ihnen, dass jeder Cent in die F\u00f6rderung unserer Familien flie\u00dft!<\/p>\n\n\n\n<p>Die Verwaltungskosten des Projekts tr\u00e4gt vollumf\u00e4nglich der Ev.-luth. Kirchenkreis Leine-Solling.<\/p>\n\n\n\n<p>Kontoverbindung:<br><strong>Kirchenamt Northeim <br>Sparkasse Einbeck  <br>IBAN: DE04 2625 1425 0009 1010 07 <\/strong><br><strong>Verwendungszweck: IGS Lernfonds<\/strong><\/p>\n\n\n\n<p>Auf Wunsch erhalten Sie selbstverst\u00e4ndlich eine Zuwendungsbest\u00e4tigung von uns.<br><\/p>\n\n\n\n<p>Herzlichen Dank f\u00fcr Ihre Hilfe!<\/p>\n\n\n\n<p><\/p>\n","protected":false},"excerpt":{"rendered":"<p>Wir freuen uns \u00fcber Ihre Unterst\u00fctzung und garantieren Ihnen, dass jeder Cent in die F\u00f6rderung unserer Familien flie\u00dft! Die Verwaltungskosten des Projekts tr\u00e4gt vollumf\u00e4nglich der Ev.-luth. Kirchenkreis Leine-Solling. Kontoverbindung:Kirchenamt Northeim Sparkasse Einbeck IBAN: DE04 2625 1425 0009 1010 07 Verwendungszweck: IGS Lernfonds Auf Wunsch erhalten Sie selbstverst\u00e4ndlich eine Zuwendungsbest\u00e4tigung von uns. Herzlichen Dank f\u00fcr Ihre<\/p><\/div>\n<div class=\"blog-btn\"><a href=\"http:\/\/www.lernfonds.de\/igs\/?page_id=119\" class=\"home-blog-btn\">Weiterlesen<\/a><\/p>\n","protected":false},"author":1,"featured_media":0,"parent":0,"menu_order":0,"comment_status":"closed","ping_status":"closed","template":"","meta":{"footnotes":""},"class_list":["post-119","page","type-page","status-publish","hentry"],"_links":{"self":[{"href":"http:\/\/www.lernfonds.de\/igs\/index.php?rest_route=\/wp\/v2\/pages\/119","targetHints":{"allow":["GET"]}}],"collection":[{"href":"http:\/\/www.lernfonds.de\/igs\/index.php?rest_route=\/wp\/v2\/pages"}],"about":[{"href":"http:\/\/www.lernfonds.de\/igs\/index.php?rest_route=\/wp\/v2\/types\/page"}],"author":[{"embeddable":true,"href":"http:\/\/www.lernfonds.de\/igs\/index.php?rest_route=\/wp\/v2\/users\/1"}],"replies":[{"embeddable":true,"href":"http:\/\/www.lernfonds.de\/igs\/index.php?rest_route=%2Fwp%2Fv2%2Fcomments&post=119"}],"version-history":[{"count":2,"href":"http:\/\/www.lernfonds.de\/igs\/index.php?rest_route=\/wp\/v2\/pages\/119\/revisions"}],"predecessor-version":[{"id":122,"href":"http:\/\/www.lernfonds.de\/igs\/index.php?rest_route=\/wp\/v2\/pages\/119\/revisions\/122"}],"wp:attachment":[{"href":"http:\/\/www.lernfonds.de\/igs\/index.php?rest_route=%2Fwp%2Fv2%2Fmedia&parent=119"}],"curies":[{"name":"wp","href":"https:\/\/api.w.org\/{rel}","templated":true}]}}