{"id":61,"date":"2019-03-13T13:24:32","date_gmt":"2019-03-13T12:24:32","guid":{"rendered":"http:\/\/www.lernfonds.de\/PGS\/?page_id=61"},"modified":"2026-03-04T10:27:22","modified_gmt":"2026-03-04T09:27:22","slug":"herzlich-willkommen","status":"publish","type":"page","link":"http:\/\/www.lernfonds.de\/PGS\/","title":{"rendered":"Herzlich willkommen!"},"content":{"rendered":"\n<p>Der PGS-Lernfonds f\u00f6rdert einkommensschwache Familien an der Paul-Gerhardt-Schule in Dassel und m\u00f6chte so die uneingeschr\u00e4nkte Teilhabe am schulischen Leben sicherstellen.<br>Die Sachbearbeitung der Antr\u00e4ge wird im Diakonischen Werk Leine-Solling vorgenommen.<br><strong>Sie erreichen Frau Rybarczyk dienstags bis donnerstags in der Zeit von 8:30 bis 12:00 Uhr (siehe rechte Leiste).<\/strong><\/p>\n\n\n\n<hr class=\"wp-block-separator has-css-opacity\"\/>\n\n\n\n<h2 class=\"wp-block-heading\">Aktuelle Lernfonds-Aktien<br>Der Shop wird momentan \u00fcberarbeitet!<\/h2>\n\n\n\n<div class=\"wp-block-woocommerce-product-category\">[products limit=&#8220;4&#8243; columns=&#8220;4&#8243; category=&#8220;29&#8243; orderby=&#8220;price&#8220; order=&#8220;ASC&#8220;]<\/div>\n\n\n\n<hr class=\"wp-block-separator has-css-opacity\"\/>\n\n\n\n<p><strong>F\u00f6rderbereiche:<\/strong><\/p>\n\n\n\n<figure class=\"wp-block-image\"><img loading=\"lazy\" decoding=\"async\" width=\"560\" height=\"600\" src=\"http:\/\/www.lernfonds.de\/PGS\/wp-content\/uploads\/2019\/03\/lernfonds_home.jpg\" alt=\"\" class=\"wp-image-62\" srcset=\"http:\/\/www.lernfonds.de\/PGS\/wp-content\/uploads\/2019\/03\/lernfonds_home.jpg 560w, http:\/\/www.lernfonds.de\/PGS\/wp-content\/uploads\/2019\/03\/lernfonds_home-280x300.jpg 280w\" sizes=\"auto, (max-width: 560px) 100vw, 560px\" \/><\/figure>\n","protected":false},"excerpt":{"rendered":"<p>Der PGS-Lernfonds f\u00f6rdert einkommensschwache Familien an der Paul-Gerhardt-Schule in Dassel und m\u00f6chte so die uneingeschr\u00e4nkte Teilhabe am schulischen Leben sicherstellen.Die Sachbearbeitung der Antr\u00e4ge wird im Diakonischen Werk Leine-Solling vorgenommen.Sie erreichen Frau Rybarczyk dienstags bis donnerstags in der Zeit von 8:30 bis 12:00 Uhr (siehe rechte Leiste). Aktuelle Lernfonds-AktienDer Shop wird momentan \u00fcberarbeitet! F\u00f6rderbereiche:<\/p>\n","protected":false},"author":1,"featured_media":0,"parent":0,"menu_order":0,"comment_status":"closed","ping_status":"closed","template":"","meta":{"footnotes":""},"class_list":["post-61","page","type-page","status-publish","hentry"],"_links":{"self":[{"href":"http:\/\/www.lernfonds.de\/PGS\/index.php?rest_route=\/wp\/v2\/pages\/61","targetHints":{"allow":["GET"]}}],"collection":[{"href":"http:\/\/www.lernfonds.de\/PGS\/index.php?rest_route=\/wp\/v2\/pages"}],"about":[{"href":"http:\/\/www.lernfonds.de\/PGS\/index.php?rest_route=\/wp\/v2\/types\/page"}],"author":[{"embeddable":true,"href":"http:\/\/www.lernfonds.de\/PGS\/index.php?rest_route=\/wp\/v2\/users\/1"}],"replies":[{"embeddable":true,"href":"http:\/\/www.lernfonds.de\/PGS\/index.php?rest_route=%2Fwp%2Fv2%2Fcomments&post=61"}],"version-history":[{"count":14,"href":"http:\/\/www.lernfonds.de\/PGS\/index.php?rest_route=\/wp\/v2\/pages\/61\/revisions"}],"predecessor-version":[{"id":229,"href":"http:\/\/www.lernfonds.de\/PGS\/index.php?rest_route=\/wp\/v2\/pages\/61\/revisions\/229"}],"wp:attachment":[{"href":"http:\/\/www.lernfonds.de\/PGS\/index.php?rest_route=%2Fwp%2Fv2%2Fmedia&parent=61"}],"curies":[{"name":"wp","href":"https:\/\/api.w.org\/{rel}","templated":true}]}}